{"id":13836,"date":"2025-08-26T08:10:17","date_gmt":"2025-08-26T08:10:17","guid":{"rendered":"https:\/\/www.hotel-asteria.com\/?page_id=13836"},"modified":"2025-11-10T13:00:14","modified_gmt":"2025-11-10T13:00:14","slug":"piskotki","status":"publish","type":"page","link":"https:\/\/www.hotel-asteria.com\/si\/piskotki\/","title":{"rendered":"Pi\u0161kotki"},"content":{"rendered":"\t\t<div data-elementor-type=\"wp-page\" data-elementor-id=\"13836\" class=\"elementor elementor-13836\" data-elementor-post-type=\"page\">\n\t\t\t\t\t\t<section class=\"elementor-section elementor-top-section elementor-element elementor-element-0f45e51 elementor-section-full_width elementor-section-content-middle elementor-section-stretched elementor-section-height-default elementor-section-height-default\" data-id=\"0f45e51\" data-element_type=\"section\" data-settings=\"{&quot;background_background&quot;:&quot;classic&quot;,&quot;stretch_section&quot;:&quot;section-stretched&quot;}\">\n\t\t\t\t\t\t\t<div class=\"elementor-background-overlay\"><\/div>\n\t\t\t\t\t\t\t<div class=\"elementor-container elementor-column-gap-no\">\n\t\t\t\t\t<div class=\"elementor-column elementor-col-100 elementor-top-column elementor-element elementor-element-7eca4ec\" data-id=\"7eca4ec\" data-element_type=\"column\">\n\t\t\t<div class=\"elementor-widget-wrap elementor-element-populated\">\n\t\t\t\t\t<div class=\"elementor-background-overlay\"><\/div>\n\t\t\t\t\t\t<div class=\"elementor-element elementor-element-97c931c elementor-widget-mobile__width-inherit elementor-widget__width-initial elementor-widget elementor-widget-heading\" data-id=\"97c931c\" data-element_type=\"widget\" data-widget_type=\"heading.default\">\n\t\t\t\t<div class=\"elementor-widget-container\">\n\t\t\t\t\t<h2 class=\"elementor-heading-title elementor-size-default\">Pi\u0161kotki<\/h2>\t\t\t\t<\/div>\n\t\t\t\t<\/div>\n\t\t\t\t<div class=\"elementor-element elementor-element-e49ac8a animated-slow elementor-widget elementor-widget-text-editor\" data-id=\"e49ac8a\" data-element_type=\"widget\" data-settings=\"{&quot;_animation&quot;:&quot;none&quot;,&quot;_animation_delay&quot;:500}\" data-widget_type=\"text-editor.default\">\n\t\t\t\t<div class=\"elementor-widget-container\">\n\t\t\t\t\t\t\t\t\t<p><strong>Uporaba pi\u0161kotkov in sledilne tehnologije<\/strong><br \/>Na\u0161e spletno mesto uporablja pi\u0161kotke, ki uporabniku omogo\u010dajo prikaz in uporabo na\u0161ih spletnih strani, prilagojeno njegovim \u017eeljam. Pi\u0161kotek je majhna besedilna datoteka, ki jo spletni stre\u017enik shrani na disku va\u0161ega ra\u010dunalnika. Glavni namen pi\u0161kotka je, da v ra\u010dunalnik shrani tvoje nastavitve in druge podatke, tako da ti jih ob naslednjem obisku na\u0161ih spletnih strani ni potrebno ve\u010d vna\u0161ati. Uporaba pi\u0161kotov je ustaljen postopek na ve\u010dini spletnih mest. Standardne nastavitve brskalnika omogo\u010dajo uporabo pi\u0161kotov. V kolikor se z njihovo uporabo ne strinjate, lahko spremenite nastavitve brskalnika tako, da bo sprejemanje pi\u0161kotov onemogo\u010deno, vendar to lahko omeji zmo\u017enost tvoje komunikacije z na\u0161im spletnim mestom. Tudi \u010de pi\u0161kotke sprejme\u0161, jih lahko pozneje \u0161e vedno izbri\u0161e\u0161 z orodji tvojega brskalnika. Pi\u0161kotke uporabljamo izklju\u010dno z namenom bolj\u0161e izku\u0161nje posameznega uporabnika.<br \/>Na\u0161e spletno mesto zbira tudi podatke o va\u0161i uporabi na\u0161ega spletnega mesta in spletnih storitev. Z\u2009na\u0161im orodjem za analizo spletnega mesta lahko na primer iz tvojega brskalnika pridobimo informacije o tem, s katerega spletnega mesta ste pri\u0161li, s katerim iskalnikom in klju\u010dnimi besedami ste nas poiskali, katere strani ste si ogledali na na\u0161em spletnem mestu ter katere dodatke, kak\u0161no \u0161irino in vi\u0161ino uporablja va\u0161 brskalnik. Poleg tega zbiramo obi\u010dajne informacije, ki jih brskalnik po\u0161lje vsakemu obiskanemu spletnemu mestu, na primer naslov IP, vrsto in jezik brskalnika, \u010das dostopa in naslove spletnih mest. Vsi ti podatki se zbirajo izklju\u010dno za potrebe vodenja statistike obiskanosti na\u0161ega spletnega mesta.<\/p><p>Vrste pi\u0161kotkov, ki jih uporabljamo na tej spletni strani<\/p><p>1. Nujno potrebni pi\u0161kotki<br \/>Tovrstni pi\u0161kotki omogo\u010dajo uporabo nujno potrebnih komponent za pravilno delovanje spletne strani. Brez teh pi\u0161kotov servisi, ki jih \u017eelite uporabljati na tej spletni strani, ne bi delovali pravilno (npr. prijava, varnosti\u2026).<\/p><p>2. Izkustveni pi\u0161kotki<br \/>Tovrstni pi\u0161kotki zbirajo podatke, kako se uporabniki vedejo na spletni strani z namenom izbolj\u0161anja izkustvene komponente spletne strani (npr. katere dele spletne strani obiskujejo najpogosteje\u2026). Ti pi\u0161kotki ne zbirajo informacij, preko katerih bi lahko identificirali uporabnika.<\/p><p>3. Funkcionalni pi\u0161kotki<br \/>Tovrstni pi\u0161kotki omogo\u010dajo spletni strani, da si zapomni nekatere va\u0161e nastavitve in izbire (uporabni\u0161ko ime, jezik, regijo\u2026) in zagotavlja napredne, personalizirane funkcije. Tovrstni pi\u0161kotki lahko omogo\u010dajo sledenje va\u0161im akcijam na spletni strani.<\/p><p>4. Oglasni ali ciljani pi\u0161kotki<br \/>Tovrstne pi\u0161kotke najpogosteje uporabljajo ogla\u0161evalska in dru\u017eabna omre\u017eja (tretje strani) z namenom, da vam prika\u017eejo bolj ciljane oglase, omejujejo ponavljanje oglasov ali merijo u\u010dinkovitost ogla\u0161evalskih akcij. Tovrstni pi\u0161kotki lahko omogo\u010dajo sledenje va\u0161im akcijam na spletu.<\/p><p>Prednosti pi\u0161kotkov<br \/>Ob uporabi iste naprave in brskalnika so pi\u0161koti nadvse uporabni, saj si lahko na primer zapomnijo va\u0161e nastavitve, pomagajo nam spremljati, kako uporabljate na\u0161e strani in naredijo prikazano vsebino bolj ustrezno va\u0161im interesom in potrebam. Nobeni pi\u0161kotki, ki jih uporabljamo na svojih spletnih mestih, ne zbirajo podatkov, s katerimi bi vas bilo mogo\u010de osebno prepoznati. Spodaj najdete preglednico, v kateri so navedeni glavni pi\u0161kotki, ki se uporabljajo na na\u0161ih spletnih mestih, s pojasnilom, \u010demu so namenjeni.<\/p><table border=\"1\" cellpadding=\"0\"><tbody><tr><td>VIR PI\u0160KOTKA<\/td><td>IME PI\u0160KOTKA<\/td><td>VRSTA PI\u0160KOTKA<\/td><td>NAMEN PI\u0160KOTKA<\/td><\/tr><tr><td>Google Analytics<\/td><td>_utma<\/td><td>Izkustveni pi\u0161kotek<\/td><td>Pomagajo nam izbolj\u0161ati vsebine na na\u0161ih straneh<\/td><\/tr><tr><td>Google Analytics<\/td><td>_utmb<\/td><td>Izkustveni pi\u0161kotek<\/td><td>Pomagajo nam izbolj\u0161ati vsebine na na\u0161ih straneh<\/td><\/tr><tr><td>Google Analytics<\/td><td>_utmc<\/td><td>Izkustveni pi\u0161kotek<\/td><td>Pomagajo nam izbolj\u0161ati vsebine na na\u0161ih straneh<\/td><\/tr><tr><td>Google Analytics<\/td><td>_utmz<\/td><td>Izkustveni pi\u0161kotek<\/td><td>Pomagajo nam izbolj\u0161ati vsebine na na\u0161ih straneh<\/td><\/tr><\/tbody><\/table><p>Postopek za upravljanje in brisanje pi\u0161kotkov se razlikuje glede na brskalnik, ki ga uporabljate. \u010ce \u017eelite izvedeti, kako to storite z dolo\u010denim brskalnikom, lahko uporabite funkcijo pomo\u010di v brskalniku ali pa obi\u0161\u010dete http:\/\/www.aboutcookies.org, ki korak za korakom pojasni, kako upravljati ali izbrisati pi\u0161kotke v ve\u010dini brskalnikov.<\/p>\t\t\t\t\t\t\t\t<\/div>\n\t\t\t\t<\/div>\n\t\t\t\t\t<\/div>\n\t\t<\/div>\n\t\t\t\t\t<\/div>\n\t\t<\/section>\n\t\t\t\t<\/div>\n\t\t","protected":false},"excerpt":{"rendered":"<p>Pi\u0161kotki Uporaba pi\u0161kotkov in sledilne tehnologijeNa\u0161e spletno mesto uporablja pi\u0161kotke, ki uporabniku omogo\u010dajo prikaz in uporabo na\u0161ih spletnih strani, prilagojeno njegovim \u017eeljam. Pi\u0161kotek je majhna besedilna datoteka, ki jo spletni stre\u017enik shrani na disku va\u0161ega ra\u010dunalnika. Glavni namen pi\u0161kotka je, da v ra\u010dunalnik shrani tvoje nastavitve in druge podatke, tako da ti jih ob naslednjem [&hellip;]<\/p>\n","protected":false},"author":1,"featured_media":0,"parent":0,"menu_order":0,"comment_status":"closed","ping_status":"closed","template":"","meta":{"site-sidebar-layout":"no-sidebar","site-content-layout":"page-builder","ast-site-content-layout":"full-width-container","site-content-style":"default","site-sidebar-style":"default","ast-global-header-display":"","ast-banner-title-visibility":"","ast-main-header-display":"","ast-hfb-above-header-display":"","ast-hfb-below-header-display":"","ast-hfb-mobile-header-display":"","site-post-title":"","ast-breadcrumbs-content":"","ast-featured-img":"disabled","footer-sml-layout":"","theme-transparent-header-meta":"","adv-header-id-meta":"","stick-header-meta":"","header-above-stick-meta":"","header-main-stick-meta":"","header-below-stick-meta":"","astra-migrate-meta-layouts":"set","ast-page-background-enabled":"default","ast-page-background-meta":{"desktop":{"background-color":"","background-image":"","background-repeat":"repeat","background-position":"center center","background-size":"auto","background-attachment":"scroll","background-type":"","background-media":"","overlay-type":"","overlay-color":"","overlay-opacity":"","overlay-gradient":""},"tablet":{"background-color":"","background-image":"","background-repeat":"repeat","background-position":"center center","background-size":"auto","background-attachment":"scroll","background-type":"","background-media":"","overlay-type":"","overlay-color":"","overlay-opacity":"","overlay-gradient":""},"mobile":{"background-color":"","background-image":"","background-repeat":"repeat","background-position":"center center","background-size":"auto","background-attachment":"scroll","background-type":"","background-media":"","overlay-type":"","overlay-color":"","overlay-opacity":"","overlay-gradient":""}},"ast-content-background-meta":{"desktop":{"background-color":"var(--ast-global-color-5)","background-image":"","background-repeat":"repeat","background-position":"center center","background-size":"auto","background-attachment":"scroll","background-type":"","background-media":"","overlay-type":"","overlay-color":"","overlay-opacity":"","overlay-gradient":""},"tablet":{"background-color":"var(--ast-global-color-5)","background-image":"","background-repeat":"repeat","background-position":"center center","background-size":"auto","background-attachment":"scroll","background-type":"","background-media":"","overlay-type":"","overlay-color":"","overlay-opacity":"","overlay-gradient":""},"mobile":{"background-color":"var(--ast-global-color-5)","background-image":"","background-repeat":"repeat","background-position":"center center","background-size":"auto","background-attachment":"scroll","background-type":"","background-media":"","overlay-type":"","overlay-color":"","overlay-opacity":"","overlay-gradient":""}},"footnotes":""},"class_list":["post-13836","page","type-page","status-publish","hentry"],"yoast_head":"<!-- This site is optimized with the Yoast SEO plugin v26.7 - https:\/\/yoast.com\/wordpress\/plugins\/seo\/ -->\n<title>Pi\u0161kotki - Hotel Asteria<\/title>\n<meta name=\"robots\" content=\"index, follow, max-snippet:-1, max-image-preview:large, max-video-preview:-1\" \/>\n<link rel=\"canonical\" href=\"https:\/\/www.hotel-asteria.com\/si\/piskotki\/\" \/>\n<meta property=\"og:locale\" content=\"sl_SI\" \/>\n<meta property=\"og:type\" content=\"article\" \/>\n<meta property=\"og:title\" content=\"Pi\u0161kotki - Hotel Asteria\" \/>\n<meta property=\"og:description\" content=\"Pi\u0161kotki Uporaba pi\u0161kotkov in sledilne tehnologijeNa\u0161e spletno mesto uporablja pi\u0161kotke, ki uporabniku omogo\u010dajo prikaz in uporabo na\u0161ih spletnih strani, prilagojeno njegovim \u017eeljam. Pi\u0161kotek je majhna besedilna datoteka, ki jo spletni stre\u017enik shrani na disku va\u0161ega ra\u010dunalnika. Glavni namen pi\u0161kotka je, da v ra\u010dunalnik shrani tvoje nastavitve in druge podatke, tako da ti jih ob naslednjem [&hellip;]\" \/>\n<meta property=\"og:url\" content=\"https:\/\/www.hotel-asteria.com\/si\/piskotki\/\" \/>\n<meta property=\"og:site_name\" content=\"Hotel Asteria\" \/>\n<meta property=\"article:publisher\" content=\"https:\/\/www.facebook.com\/p\/Boutique-Hotel-Asteria-100064244642928\/\" \/>\n<meta property=\"article:modified_time\" content=\"2025-11-10T13:00:14+00:00\" \/>\n<meta name=\"twitter:card\" content=\"summary_large_image\" \/>\n<meta name=\"twitter:label1\" content=\"Est. reading time\" \/>\n\t<meta name=\"twitter:data1\" content=\"3 minute\" \/>\n<script type=\"application\/ld+json\" class=\"yoast-schema-graph\">{\"@context\":\"https:\/\/schema.org\",\"@graph\":[{\"@type\":\"WebPage\",\"@id\":\"https:\/\/www.hotel-asteria.com\/piskotki\/\",\"url\":\"https:\/\/www.hotel-asteria.com\/piskotki\/\",\"name\":\"Pi\u0161kotki - Hotel Asteria\",\"isPartOf\":{\"@id\":\"https:\/\/www.hotel-asteria.com\/si\/#website\"},\"datePublished\":\"2025-08-26T08:10:17+00:00\",\"dateModified\":\"2025-11-10T13:00:14+00:00\",\"breadcrumb\":{\"@id\":\"https:\/\/www.hotel-asteria.com\/piskotki\/#breadcrumb\"},\"inLanguage\":\"sl-SI\",\"potentialAction\":[{\"@type\":\"ReadAction\",\"target\":[\"https:\/\/www.hotel-asteria.com\/piskotki\/\"]}]},{\"@type\":\"BreadcrumbList\",\"@id\":\"https:\/\/www.hotel-asteria.com\/piskotki\/#breadcrumb\",\"itemListElement\":[{\"@type\":\"ListItem\",\"position\":1,\"name\":\"Home\",\"item\":\"https:\/\/www.hotel-asteria.com\/\"},{\"@type\":\"ListItem\",\"position\":2,\"name\":\"Pi\u0161kotki\"}]},{\"@type\":\"WebSite\",\"@id\":\"https:\/\/www.hotel-asteria.com\/si\/#website\",\"url\":\"https:\/\/www.hotel-asteria.com\/si\/\",\"name\":\"Asteria Ljubljana\",\"description\":\"Ljubljana\",\"publisher\":{\"@id\":\"https:\/\/www.hotel-asteria.com\/si\/#organization\"},\"potentialAction\":[{\"@type\":\"SearchAction\",\"target\":{\"@type\":\"EntryPoint\",\"urlTemplate\":\"https:\/\/www.hotel-asteria.com\/si\/?s={search_term_string}\"},\"query-input\":{\"@type\":\"PropertyValueSpecification\",\"valueRequired\":true,\"valueName\":\"search_term_string\"}}],\"inLanguage\":\"sl-SI\"},{\"@type\":\"Organization\",\"@id\":\"https:\/\/www.hotel-asteria.com\/si\/#organization\",\"name\":\"Artelia\",\"url\":\"https:\/\/www.hotel-asteria.com\/si\/\",\"logo\":{\"@type\":\"ImageObject\",\"inLanguage\":\"sl-SI\",\"@id\":\"https:\/\/www.hotel-asteria.com\/si\/#\/schema\/logo\/image\/\",\"url\":\"https:\/\/www.hotel-asteria.com\/wp-content\/uploads\/2022\/03\/cropped-AsteriaLogotip.png\",\"contentUrl\":\"https:\/\/www.hotel-asteria.com\/wp-content\/uploads\/2022\/03\/cropped-AsteriaLogotip.png\",\"width\":512,\"height\":512,\"caption\":\"Artelia\"},\"image\":{\"@id\":\"https:\/\/www.hotel-asteria.com\/si\/#\/schema\/logo\/image\/\"},\"sameAs\":[\"https:\/\/www.facebook.com\/p\/Boutique-Hotel-Asteria-100064244642928\/\"]}]}<\/script>\n<!-- \/ Yoast SEO plugin. -->","yoast_head_json":{"title":"Pi\u0161kotki - Hotel Asteria","robots":{"index":"index","follow":"follow","max-snippet":"max-snippet:-1","max-image-preview":"max-image-preview:large","max-video-preview":"max-video-preview:-1"},"canonical":"https:\/\/www.hotel-asteria.com\/si\/piskotki\/","og_locale":"sl_SI","og_type":"article","og_title":"Pi\u0161kotki - Hotel Asteria","og_description":"Pi\u0161kotki Uporaba pi\u0161kotkov in sledilne tehnologijeNa\u0161e spletno mesto uporablja pi\u0161kotke, ki uporabniku omogo\u010dajo prikaz in uporabo na\u0161ih spletnih strani, prilagojeno njegovim \u017eeljam. Pi\u0161kotek je majhna besedilna datoteka, ki jo spletni stre\u017enik shrani na disku va\u0161ega ra\u010dunalnika. Glavni namen pi\u0161kotka je, da v ra\u010dunalnik shrani tvoje nastavitve in druge podatke, tako da ti jih ob naslednjem [&hellip;]","og_url":"https:\/\/www.hotel-asteria.com\/si\/piskotki\/","og_site_name":"Hotel Asteria","article_publisher":"https:\/\/www.facebook.com\/p\/Boutique-Hotel-Asteria-100064244642928\/","article_modified_time":"2025-11-10T13:00:14+00:00","twitter_card":"summary_large_image","twitter_misc":{"Est. reading time":"3 minute"},"schema":{"@context":"https:\/\/schema.org","@graph":[{"@type":"WebPage","@id":"https:\/\/www.hotel-asteria.com\/piskotki\/","url":"https:\/\/www.hotel-asteria.com\/piskotki\/","name":"Pi\u0161kotki - Hotel Asteria","isPartOf":{"@id":"https:\/\/www.hotel-asteria.com\/si\/#website"},"datePublished":"2025-08-26T08:10:17+00:00","dateModified":"2025-11-10T13:00:14+00:00","breadcrumb":{"@id":"https:\/\/www.hotel-asteria.com\/piskotki\/#breadcrumb"},"inLanguage":"sl-SI","potentialAction":[{"@type":"ReadAction","target":["https:\/\/www.hotel-asteria.com\/piskotki\/"]}]},{"@type":"BreadcrumbList","@id":"https:\/\/www.hotel-asteria.com\/piskotki\/#breadcrumb","itemListElement":[{"@type":"ListItem","position":1,"name":"Home","item":"https:\/\/www.hotel-asteria.com\/"},{"@type":"ListItem","position":2,"name":"Pi\u0161kotki"}]},{"@type":"WebSite","@id":"https:\/\/www.hotel-asteria.com\/si\/#website","url":"https:\/\/www.hotel-asteria.com\/si\/","name":"Asteria Ljubljana","description":"Ljubljana","publisher":{"@id":"https:\/\/www.hotel-asteria.com\/si\/#organization"},"potentialAction":[{"@type":"SearchAction","target":{"@type":"EntryPoint","urlTemplate":"https:\/\/www.hotel-asteria.com\/si\/?s={search_term_string}"},"query-input":{"@type":"PropertyValueSpecification","valueRequired":true,"valueName":"search_term_string"}}],"inLanguage":"sl-SI"},{"@type":"Organization","@id":"https:\/\/www.hotel-asteria.com\/si\/#organization","name":"Artelia","url":"https:\/\/www.hotel-asteria.com\/si\/","logo":{"@type":"ImageObject","inLanguage":"sl-SI","@id":"https:\/\/www.hotel-asteria.com\/si\/#\/schema\/logo\/image\/","url":"https:\/\/www.hotel-asteria.com\/wp-content\/uploads\/2022\/03\/cropped-AsteriaLogotip.png","contentUrl":"https:\/\/www.hotel-asteria.com\/wp-content\/uploads\/2022\/03\/cropped-AsteriaLogotip.png","width":512,"height":512,"caption":"Artelia"},"image":{"@id":"https:\/\/www.hotel-asteria.com\/si\/#\/schema\/logo\/image\/"},"sameAs":["https:\/\/www.facebook.com\/p\/Boutique-Hotel-Asteria-100064244642928\/"]}]}},"_links":{"self":[{"href":"https:\/\/www.hotel-asteria.com\/si\/wp-json\/wp\/v2\/pages\/13836","targetHints":{"allow":["GET"]}}],"collection":[{"href":"https:\/\/www.hotel-asteria.com\/si\/wp-json\/wp\/v2\/pages"}],"about":[{"href":"https:\/\/www.hotel-asteria.com\/si\/wp-json\/wp\/v2\/types\/page"}],"author":[{"embeddable":true,"href":"https:\/\/www.hotel-asteria.com\/si\/wp-json\/wp\/v2\/users\/1"}],"replies":[{"embeddable":true,"href":"https:\/\/www.hotel-asteria.com\/si\/wp-json\/wp\/v2\/comments?post=13836"}],"version-history":[{"count":13,"href":"https:\/\/www.hotel-asteria.com\/si\/wp-json\/wp\/v2\/pages\/13836\/revisions"}],"predecessor-version":[{"id":13945,"href":"https:\/\/www.hotel-asteria.com\/si\/wp-json\/wp\/v2\/pages\/13836\/revisions\/13945"}],"wp:attachment":[{"href":"https:\/\/www.hotel-asteria.com\/si\/wp-json\/wp\/v2\/media?parent=13836"}],"curies":[{"name":"wp","href":"https:\/\/api.w.org\/{rel}","templated":true}]}}