{"id":2883,"date":"2020-07-22T08:16:42","date_gmt":"2020-07-22T08:16:42","guid":{"rendered":"https:\/\/www.dev.hotel-asteria.com\/?page_id=2883"},"modified":"2024-06-24T07:34:59","modified_gmt":"2024-06-24T07:34:59","slug":"vinska-klet","status":"publish","type":"page","link":"https:\/\/www.hotel-asteria.com\/en\/vinska-klet\/","title":{"rendered":"Wine Cellar"},"content":{"rendered":"<div data-elementor-type=\"wp-page\" data-elementor-id=\"2883\" class=\"elementor elementor-2883\" data-elementor-post-type=\"page\">\n\t\t\t\t\t\t<section class=\"elementor-section elementor-top-section elementor-element elementor-element-56a004aa elementor-section-height-min-height elementor-section-stretched elementor-section-boxed elementor-section-height-default elementor-section-items-middle\" data-id=\"56a004aa\" data-element_type=\"section\" data-settings=\"{&quot;background_background&quot;:&quot;classic&quot;,&quot;animation&quot;:&quot;none&quot;,&quot;stretch_section&quot;:&quot;section-stretched&quot;}\">\n\t\t\t\t\t\t\t<div class=\"elementor-background-overlay\"><\/div>\n\t\t\t\t\t\t\t<div class=\"elementor-container elementor-column-gap-no\">\n\t\t\t\t\t<div class=\"elementor-column elementor-col-100 elementor-top-column elementor-element elementor-element-239fcf73\" data-id=\"239fcf73\" data-element_type=\"column\">\n\t\t\t<div class=\"elementor-widget-wrap elementor-element-populated\">\n\t\t\t\t\t\t<div class=\"elementor-element elementor-element-37bb5dee elementor-align-center elementor-widget elementor-widget-lottie\" data-id=\"37bb5dee\" data-element_type=\"widget\" data-settings=\"{&quot;source&quot;:&quot;external_url&quot;,&quot;source_external_url&quot;:{&quot;url&quot;:&quot;https:\\\/\\\/assets1.lottiefiles.com\\\/packages\\\/lf20_zwgtzkjs.json&quot;,&quot;is_external&quot;:&quot;&quot;,&quot;nofollow&quot;:&quot;&quot;,&quot;custom_attributes&quot;:&quot;&quot;},&quot;link_to&quot;:&quot;none&quot;,&quot;trigger&quot;:&quot;arriving_to_viewport&quot;,&quot;viewport&quot;:{&quot;unit&quot;:&quot;%&quot;,&quot;size&quot;:&quot;&quot;,&quot;sizes&quot;:{&quot;start&quot;:0,&quot;end&quot;:100}},&quot;play_speed&quot;:{&quot;unit&quot;:&quot;px&quot;,&quot;size&quot;:1,&quot;sizes&quot;:[]},&quot;start_point&quot;:{&quot;unit&quot;:&quot;%&quot;,&quot;size&quot;:0,&quot;sizes&quot;:[]},&quot;end_point&quot;:{&quot;unit&quot;:&quot;%&quot;,&quot;size&quot;:100,&quot;sizes&quot;:[]},&quot;renderer&quot;:&quot;svg&quot;}\" data-widget_type=\"lottie.default\">\n\t\t\t\t<div class=\"elementor-widget-container\">\n\t\t\t\t\t<div class=\"e-lottie__container\"><div class=\"e-lottie__animation\"><\/div><\/div>\t\t\t\t<\/div>\n\t\t\t\t<\/div>\n\t\t\t\t<div class=\"elementor-element elementor-element-7a7f7650 animated-slow elementor-invisible elementor-widget elementor-widget-heading\" data-id=\"7a7f7650\" data-element_type=\"widget\" data-settings=\"{&quot;_animation&quot;:&quot;fadeIn&quot;,&quot;_animation_mobile&quot;:&quot;none&quot;}\" data-widget_type=\"heading.default\">\n\t\t\t\t<div class=\"elementor-widget-container\">\n\t\t\t\t\t<h1 class=\"elementor-heading-title elementor-size-default\">Wine Cellar<\/h1>\t\t\t\t<\/div>\n\t\t\t\t<\/div>\n\t\t\t\t\t<\/div>\n\t\t<\/div>\n\t\t\t\t\t<\/div>\n\t\t<\/section>\n\t\t\t\t<section class=\"elementor-section elementor-top-section elementor-element elementor-element-52640bde elementor-section-content-middle elementor-section-stretched elementor-section-full_width elementor-section-height-default elementor-section-height-default\" data-id=\"52640bde\" data-element_type=\"section\" data-settings=\"{&quot;background_background&quot;:&quot;classic&quot;,&quot;stretch_section&quot;:&quot;section-stretched&quot;}\">\n\t\t\t\t\t\t\t<div class=\"elementor-background-overlay\"><\/div>\n\t\t\t\t\t\t\t<div class=\"elementor-container elementor-column-gap-no\">\n\t\t\t\t\t<div class=\"elementor-column elementor-col-100 elementor-top-column elementor-element elementor-element-13b9427f\" data-id=\"13b9427f\" data-element_type=\"column\" data-settings=\"{&quot;animation_mobile&quot;:&quot;none&quot;}\">\n\t\t\t<div class=\"elementor-widget-wrap elementor-element-populated\">\n\t\t\t\t\t\t<div class=\"elementor-element elementor-element-2cf2776a animated-slow elementor-widget elementor-widget-text-editor\" data-id=\"2cf2776a\" data-element_type=\"widget\" data-settings=\"{&quot;_animation&quot;:&quot;none&quot;,&quot;_animation_delay&quot;:500}\" data-widget_type=\"text-editor.default\">\n\t\t\t\t<div class=\"elementor-widget-container\">\n\t\t\t\t\t\t\t\t\t<p>In our wine cellar we can pamper you in an idyllic atmosphere with selected wines and great snacks. We can also arrange a tasting of local wines or a spread for a special occasion. You can also rent a place for closed companies and enjoy with your friends or colleagues in a very special atmosphere with great wine.<\/p>\t\t\t\t\t\t\t\t<\/div>\n\t\t\t\t<\/div>\n\t\t\t\t<div class=\"elementor-element elementor-element-791d7f7 elementor-widget elementor-widget-gallery\" data-id=\"791d7f7\" data-element_type=\"widget\" data-settings=\"{&quot;gallery_layout&quot;:&quot;masonry&quot;,&quot;columns_mobile&quot;:2,&quot;gap_mobile&quot;:{&quot;unit&quot;:&quot;px&quot;,&quot;size&quot;:6,&quot;sizes&quot;:[]},&quot;columns&quot;:3,&quot;lazyload&quot;:&quot;yes&quot;,&quot;columns_tablet&quot;:2,&quot;gap&quot;:{&quot;unit&quot;:&quot;px&quot;,&quot;size&quot;:10,&quot;sizes&quot;:[]},&quot;gap_tablet&quot;:{&quot;unit&quot;:&quot;px&quot;,&quot;size&quot;:10,&quot;sizes&quot;:[]},&quot;link_to&quot;:&quot;file&quot;,&quot;overlay_background&quot;:&quot;yes&quot;,&quot;content_hover_animation&quot;:&quot;fade-in&quot;}\" data-widget_type=\"gallery.default\">\n\t\t\t\t<div class=\"elementor-widget-container\">\n\t\t\t\t\t\t\t\t<div class=\"elementor-gallery__titles-container e--pointer-underline e--animation-fade\" aria-label=\"Gallery filter\" data-no-translation-aria-label=\"\">\n\t\t\t\t\n\t\t\t\t\t\t\t\t\t<a class=\"elementor-item elementor-gallery-title\" role=\"button\" tabindex=\"0\" data-gallery-index=\"0\">\n\t\t\t\t\t\t\t\t\t\t\t<\/a>\n\t\t\t\t\t\t\t\t<\/div>\n\t\t\t\t\t<div class=\"elementor-gallery__container\">\n\t\t\t\t\t\t\t<a class=\"e-gallery-item elementor-gallery-item elementor-animated-content\" data-e-gallery-tags=\"0\" href=\"https:\/\/www.hotel-asteria.com\/wp-content\/uploads\/2022\/02\/Hotel-Asteria00032.jpg\" data-elementor-open-lightbox=\"yes\" data-elementor-lightbox-slideshow=\"791d7f7\" data-e-action-hash=\"#elementor-action%3Aaction%3Dlightbox%26settings%3DeyJpZCI6MjAxMCwidXJsIjoiaHR0cHM6XC9cL3d3dy5ob3RlbC1hc3RlcmlhLmNvbVwvd3AtY29udGVudFwvdXBsb2Fkc1wvMjAyMlwvMDJcL0hvdGVsLUFzdGVyaWEwMDAzMi5qcGciLCJzbGlkZXNob3ciOiI3OTFkN2Y3In0%3D\">\n\t\t\t\t\t<div class=\"e-gallery-image elementor-gallery-item__image\" data-thumbnail=\"https:\/\/www.hotel-asteria.com\/wp-content\/uploads\/2022\/02\/Hotel-Asteria00032-768x512.jpg\" data-width=\"768\" data-height=\"512\" aria-label=\"\" role=\"img\" ><\/div>\n\t\t\t\t\t\t\t\t\t\t\t<div class=\"elementor-gallery-item__overlay\"><\/div>\n\t\t\t\t\t\t\t\t\t\t\t\t\t\t<\/a>\n\t\t\t\t\t\t\t<a class=\"e-gallery-item elementor-gallery-item elementor-animated-content\" data-e-gallery-tags=\"0\" href=\"https:\/\/www.hotel-asteria.com\/wp-content\/uploads\/2022\/02\/Hotel-Asteria00033.jpg\" data-elementor-open-lightbox=\"yes\" data-elementor-lightbox-slideshow=\"791d7f7\" data-e-action-hash=\"#elementor-action%3Aaction%3Dlightbox%26settings%3DeyJpZCI6MjAxMSwidXJsIjoiaHR0cHM6XC9cL3d3dy5ob3RlbC1hc3RlcmlhLmNvbVwvd3AtY29udGVudFwvdXBsb2Fkc1wvMjAyMlwvMDJcL0hvdGVsLUFzdGVyaWEwMDAzMy5qcGciLCJzbGlkZXNob3ciOiI3OTFkN2Y3In0%3D\">\n\t\t\t\t\t<div class=\"e-gallery-image elementor-gallery-item__image\" data-thumbnail=\"https:\/\/www.hotel-asteria.com\/wp-content\/uploads\/2022\/02\/Hotel-Asteria00033-768x512.jpg\" data-width=\"768\" data-height=\"512\" aria-label=\"\" role=\"img\" ><\/div>\n\t\t\t\t\t\t\t\t\t\t\t<div class=\"elementor-gallery-item__overlay\"><\/div>\n\t\t\t\t\t\t\t\t\t\t\t\t\t\t<\/a>\n\t\t\t\t\t\t\t<a class=\"e-gallery-item elementor-gallery-item elementor-animated-content\" data-e-gallery-tags=\"0\" href=\"https:\/\/www.hotel-asteria.com\/wp-content\/uploads\/2022\/02\/Hotel-Asteria00026-1-Copy.jpg\" data-elementor-open-lightbox=\"yes\" data-elementor-lightbox-slideshow=\"791d7f7\" data-e-action-hash=\"#elementor-action%3Aaction%3Dlightbox%26settings%3DeyJpZCI6MjAzOSwidXJsIjoiaHR0cHM6XC9cL3d3dy5ob3RlbC1hc3RlcmlhLmNvbVwvd3AtY29udGVudFwvdXBsb2Fkc1wvMjAyMlwvMDJcL0hvdGVsLUFzdGVyaWEwMDAyNi0xLUNvcHkuanBnIiwic2xpZGVzaG93IjoiNzkxZDdmNyJ9\">\n\t\t\t\t\t<div class=\"e-gallery-image elementor-gallery-item__image\" data-thumbnail=\"https:\/\/www.hotel-asteria.com\/wp-content\/uploads\/2022\/02\/Hotel-Asteria00026-1-Copy.jpg\" data-width=\"579\" data-height=\"728\" aria-label=\"\" role=\"img\" ><\/div>\n\t\t\t\t\t\t\t\t\t\t\t<div class=\"elementor-gallery-item__overlay\"><\/div>\n\t\t\t\t\t\t\t\t\t\t\t\t\t\t<\/a>\n\t\t\t\t\t\t\t<a class=\"e-gallery-item elementor-gallery-item elementor-animated-content\" data-e-gallery-tags=\"0\" href=\"https:\/\/www.hotel-asteria.com\/wp-content\/uploads\/2022\/02\/Hotel-Asteria00030.jpg\" data-elementor-open-lightbox=\"yes\" data-elementor-lightbox-slideshow=\"791d7f7\" data-e-action-hash=\"#elementor-action%3Aaction%3Dlightbox%26settings%3DeyJpZCI6MjAwOSwidXJsIjoiaHR0cHM6XC9cL3d3dy5ob3RlbC1hc3RlcmlhLmNvbVwvd3AtY29udGVudFwvdXBsb2Fkc1wvMjAyMlwvMDJcL0hvdGVsLUFzdGVyaWEwMDAzMC5qcGciLCJzbGlkZXNob3ciOiI3OTFkN2Y3In0%3D\">\n\t\t\t\t\t<div class=\"e-gallery-image elementor-gallery-item__image\" data-thumbnail=\"https:\/\/www.hotel-asteria.com\/wp-content\/uploads\/2022\/02\/Hotel-Asteria00030-768x512.jpg\" data-width=\"768\" data-height=\"512\" aria-label=\"\" role=\"img\" ><\/div>\n\t\t\t\t\t\t\t\t\t\t\t<div class=\"elementor-gallery-item__overlay\"><\/div>\n\t\t\t\t\t\t\t\t\t\t\t\t\t\t<\/a>\n\t\t\t\t\t\t\t<a class=\"e-gallery-item elementor-gallery-item elementor-animated-content\" data-e-gallery-tags=\"0\" href=\"https:\/\/www.hotel-asteria.com\/wp-content\/uploads\/2022\/02\/Hotel-Asteria00028.jpg\" data-elementor-open-lightbox=\"yes\" data-elementor-lightbox-slideshow=\"791d7f7\" data-e-action-hash=\"#elementor-action%3Aaction%3Dlightbox%26settings%3DeyJpZCI6MjAwOCwidXJsIjoiaHR0cHM6XC9cL3d3dy5ob3RlbC1hc3RlcmlhLmNvbVwvd3AtY29udGVudFwvdXBsb2Fkc1wvMjAyMlwvMDJcL0hvdGVsLUFzdGVyaWEwMDAyOC5qcGciLCJzbGlkZXNob3ciOiI3OTFkN2Y3In0%3D\">\n\t\t\t\t\t<div class=\"e-gallery-image elementor-gallery-item__image\" data-thumbnail=\"https:\/\/www.hotel-asteria.com\/wp-content\/uploads\/2022\/02\/Hotel-Asteria00028-768x512.jpg\" data-width=\"768\" data-height=\"512\" aria-label=\"\" role=\"img\" ><\/div>\n\t\t\t\t\t\t\t\t\t\t\t<div class=\"elementor-gallery-item__overlay\"><\/div>\n\t\t\t\t\t\t\t\t\t\t\t\t\t\t<\/a>\n\t\t\t\t\t\t\t<a class=\"e-gallery-item elementor-gallery-item elementor-animated-content\" data-e-gallery-tags=\"0\" href=\"https:\/\/www.hotel-asteria.com\/wp-content\/uploads\/2022\/02\/Hotel-Asteria00026-1.jpg\" data-elementor-open-lightbox=\"yes\" data-elementor-lightbox-slideshow=\"791d7f7\" data-e-action-hash=\"#elementor-action%3Aaction%3Dlightbox%26settings%3DeyJpZCI6MjAwNywidXJsIjoiaHR0cHM6XC9cL3d3dy5ob3RlbC1hc3RlcmlhLmNvbVwvd3AtY29udGVudFwvdXBsb2Fkc1wvMjAyMlwvMDJcL0hvdGVsLUFzdGVyaWEwMDAyNi0xLmpwZyIsInNsaWRlc2hvdyI6Ijc5MWQ3ZjcifQ%3D%3D\">\n\t\t\t\t\t<div class=\"e-gallery-image elementor-gallery-item__image\" data-thumbnail=\"https:\/\/www.hotel-asteria.com\/wp-content\/uploads\/2022\/02\/Hotel-Asteria00026-1-768x512.jpg\" data-width=\"768\" data-height=\"512\" aria-label=\"\" role=\"img\" ><\/div>\n\t\t\t\t\t\t\t\t\t\t\t<div class=\"elementor-gallery-item__overlay\"><\/div>\n\t\t\t\t\t\t\t\t\t\t\t\t\t\t<\/a>\n\t\t\t\t\t<\/div>\n\t\t\t\t\t<\/div>\n\t\t\t\t<\/div>\n\t\t\t\t\t<\/div>\n\t\t<\/div>\n\t\t\t\t\t<\/div>\n\t\t<\/section>\n\t\t\t\t<section class=\"elementor-section elementor-top-section elementor-element elementor-element-5fae023 elementor-section-content-middle elementor-section-stretched elementor-section-full_width elementor-section-height-default elementor-section-height-default\" data-id=\"5fae023\" data-element_type=\"section\" data-settings=\"{&quot;background_background&quot;:&quot;classic&quot;,&quot;stretch_section&quot;:&quot;section-stretched&quot;}\">\n\t\t\t\t\t\t\t<div class=\"elementor-background-overlay\"><\/div>\n\t\t\t\t\t\t\t<div class=\"elementor-container elementor-column-gap-no\">\n\t\t\t\t\t<div class=\"elementor-column elementor-col-100 elementor-top-column elementor-element elementor-element-9fe4cf2\" data-id=\"9fe4cf2\" data-element_type=\"column\" data-settings=\"{&quot;animation_mobile&quot;:&quot;none&quot;,&quot;background_background&quot;:&quot;classic&quot;}\">\n\t\t\t<div class=\"elementor-widget-wrap elementor-element-populated\">\n\t\t\t\t\t\t<div class=\"elementor-element elementor-element-c174a80 elementor-widget__width-inherit elementor-widget elementor-widget-heading\" data-id=\"c174a80\" data-element_type=\"widget\" data-widget_type=\"heading.default\">\n\t\t\t\t<div class=\"elementor-widget-container\">\n\t\t\t\t\t<h2 class=\"elementor-heading-title elementor-size-default\">She dances to the songs in her head, speaks with the rhythm of her heart, and loves from the depths of her soul. <\/h2>\t\t\t\t<\/div>\n\t\t\t\t<\/div>\n\t\t\t\t\t<\/div>\n\t\t<\/div>\n\t\t\t\t\t<\/div>\n\t\t<\/section>\n\t\t\t\t<section class=\"elementor-section elementor-top-section elementor-element elementor-element-73af009 elementor-section-content-middle elementor-section-stretched elementor-section-full_width elementor-section-height-default elementor-section-height-default\" data-id=\"73af009\" data-element_type=\"section\" data-settings=\"{&quot;background_background&quot;:&quot;classic&quot;,&quot;stretch_section&quot;:&quot;section-stretched&quot;}\">\n\t\t\t\t\t\t\t<div class=\"elementor-background-overlay\"><\/div>\n\t\t\t\t\t\t\t<div class=\"elementor-container elementor-column-gap-no\">\n\t\t\t\t\t<div class=\"elementor-column elementor-col-100 elementor-top-column elementor-element elementor-element-e601383 animated-slow\" data-id=\"e601383\" data-element_type=\"column\" data-settings=\"{&quot;animation_mobile&quot;:&quot;none&quot;,&quot;animation&quot;:&quot;none&quot;,&quot;animation_delay&quot;:200}\">\n\t\t\t<div class=\"elementor-widget-wrap elementor-element-populated\">\n\t\t\t\t\t<div class=\"elementor-background-overlay\"><\/div>\n\t\t\t\t\t\t<div class=\"elementor-element elementor-element-f7ae00c elementor-align-justify elementor-widget__width-initial animated-slow elementor-invisible elementor-widget elementor-widget-button\" data-id=\"f7ae00c\" data-element_type=\"widget\" data-settings=\"{&quot;sticky&quot;:&quot;bottom&quot;,&quot;_animation&quot;:&quot;fadeInUp&quot;,&quot;_animation_delay&quot;:250,&quot;sticky_offset&quot;:10,&quot;sticky_on&quot;:[&quot;desktop&quot;,&quot;tablet&quot;,&quot;mobile&quot;],&quot;sticky_effects_offset&quot;:0,&quot;sticky_anchor_link_offset&quot;:0}\" data-widget_type=\"button.default\">\n\t\t\t\t<div class=\"elementor-widget-container\">\n\t\t\t\t\t\t\t\t\t<div class=\"elementor-button-wrapper\">\n\t\t\t\t\t<a class=\"elementor-button elementor-button-link elementor-size-xl\" href=\"\/kontakt\/#be-panel-anchor\">\n\t\t\t\t\t\t<span class=\"elementor-button-content-wrapper\">\n\t\t\t\t\t\t\t\t\t<span class=\"elementor-button-text\">Wanna stay with us?<\/span>\n\t\t\t\t\t<\/span>\n\t\t\t\t\t<\/a>\n\t\t\t\t<\/div>\n\t\t\t\t\t\t\t\t<\/div>\n\t\t\t\t<\/div>\n\t\t\t\t\t<\/div>\n\t\t<\/div>\n\t\t\t\t\t<\/div>\n\t\t<\/section>\n\t\t\t\t<\/div>","protected":false},"excerpt":{"rendered":"<p>Vinska klet V na\u0161i vinski kleti vas lahko v idili\u010dni atmosferi pocrkljamo z izbranimi vini in odli\u010dnimi prigrizki. Za vas lahko pripravimo tudi degustacijo lokalnih vin ali pa pogostitev ob posebni prilo\u017enosti. Prostor je mo\u017eno tudi najeti za zaklju\u010dene dru\u017ebe, da se poveselite s prijatelji ali sodelavci v prav posebnem vzdu\u0161ju z odli\u010dnim vinom. She [&hellip;]<\/p>","protected":false},"author":1,"featured_media":0,"parent":0,"menu_order":0,"comment_status":"closed","ping_status":"closed","template":"","meta":{"site-sidebar-layout":"no-sidebar","site-content-layout":"page-builder","ast-site-content-layout":"full-width-container","site-content-style":"unboxed","site-sidebar-style":"unboxed","ast-global-header-display":"","ast-banner-title-visibility":"","ast-main-header-display":"","ast-hfb-above-header-display":"","ast-hfb-below-header-display":"","ast-hfb-mobile-header-display":"","site-post-title":"disabled","ast-breadcrumbs-content":"","ast-featured-img":"disabled","footer-sml-layout":"","theme-transparent-header-meta":"","adv-header-id-meta":"","stick-header-meta":"","header-above-stick-meta":"","header-main-stick-meta":"","header-below-stick-meta":"","astra-migrate-meta-layouts":"set","ast-page-background-enabled":"default","ast-page-background-meta":{"desktop":{"background-color":"","background-image":"","background-repeat":"repeat","background-position":"center center","background-size":"auto","background-attachment":"scroll","background-type":"","background-media":"","overlay-type":"","overlay-color":"","overlay-opacity":"","overlay-gradient":""},"tablet":{"background-color":"","background-image":"","background-repeat":"repeat","background-position":"center center","background-size":"auto","background-attachment":"scroll","background-type":"","background-media":"","overlay-type":"","overlay-color":"","overlay-opacity":"","overlay-gradient":""},"mobile":{"background-color":"","background-image":"","background-repeat":"repeat","background-position":"center center","background-size":"auto","background-attachment":"scroll","background-type":"","background-media":"","overlay-type":"","overlay-color":"","overlay-opacity":"","overlay-gradient":""}},"ast-content-background-meta":{"desktop":{"background-color":"var(--ast-global-color-5)","background-image":"","background-repeat":"repeat","background-position":"center center","background-size":"auto","background-attachment":"scroll","background-type":"","background-media":"","overlay-type":"","overlay-color":"","overlay-opacity":"","overlay-gradient":""},"tablet":{"background-color":"var(--ast-global-color-5)","background-image":"","background-repeat":"repeat","background-position":"center center","background-size":"auto","background-attachment":"scroll","background-type":"","background-media":"","overlay-type":"","overlay-color":"","overlay-opacity":"","overlay-gradient":""},"mobile":{"background-color":"var(--ast-global-color-5)","background-image":"","background-repeat":"repeat","background-position":"center center","background-size":"auto","background-attachment":"scroll","background-type":"","background-media":"","overlay-type":"","overlay-color":"","overlay-opacity":"","overlay-gradient":""}},"footnotes":""},"class_list":["post-2883","page","type-page","status-publish","hentry"],"yoast_head":"<!-- This site is optimized with the Yoast SEO plugin v26.7 - https:\/\/yoast.com\/wordpress\/plugins\/seo\/ -->\n<title>Asteria Ljubljana | Wine Cellar<\/title>\n<meta name=\"robots\" content=\"index, follow, max-snippet:-1, max-image-preview:large, max-video-preview:-1\" \/>\n<link rel=\"canonical\" href=\"https:\/\/www.hotel-asteria.com\/en\/vinska-klet\/\" \/>\n<meta property=\"og:locale\" content=\"en_US\" \/>\n<meta property=\"og:type\" content=\"article\" \/>\n<meta property=\"og:title\" content=\"Asteria Ljubljana | Wine Cellar\" \/>\n<meta property=\"og:description\" content=\"Vinska klet V na\u0161i vinski kleti vas lahko v idili\u010dni atmosferi pocrkljamo z izbranimi vini in odli\u010dnimi prigrizki. Za vas lahko pripravimo tudi degustacijo lokalnih vin ali pa pogostitev ob posebni prilo\u017enosti. Prostor je mo\u017eno tudi najeti za zaklju\u010dene dru\u017ebe, da se poveselite s prijatelji ali sodelavci v prav posebnem vzdu\u0161ju z odli\u010dnim vinom. She [&hellip;]\" \/>\n<meta property=\"og:url\" content=\"https:\/\/www.hotel-asteria.com\/en\/vinska-klet\/\" \/>\n<meta property=\"og:site_name\" content=\"Hotel Asteria\" \/>\n<meta property=\"article:publisher\" content=\"https:\/\/www.facebook.com\/p\/Boutique-Hotel-Asteria-100064244642928\/\" \/>\n<meta property=\"article:modified_time\" content=\"2024-06-24T07:34:59+00:00\" \/>\n<meta name=\"twitter:card\" content=\"summary_large_image\" \/>\n<meta name=\"twitter:label1\" content=\"Est. reading time\" \/>\n\t<meta name=\"twitter:data1\" content=\"1 minute\" \/>\n<script type=\"application\/ld+json\" class=\"yoast-schema-graph\">{\"@context\":\"https:\/\/schema.org\",\"@graph\":[{\"@type\":\"WebPage\",\"@id\":\"https:\/\/www.hotel-asteria.com\/vinska-klet\/\",\"url\":\"https:\/\/www.hotel-asteria.com\/vinska-klet\/\",\"name\":\"Asteria Ljubljana | Wine Cellar\",\"isPartOf\":{\"@id\":\"https:\/\/www.hotel-asteria.com\/si\/#website\"},\"datePublished\":\"2020-07-22T08:16:42+00:00\",\"dateModified\":\"2024-06-24T07:34:59+00:00\",\"breadcrumb\":{\"@id\":\"https:\/\/www.hotel-asteria.com\/vinska-klet\/#breadcrumb\"},\"inLanguage\":\"en-US\",\"potentialAction\":[{\"@type\":\"ReadAction\",\"target\":[\"https:\/\/www.hotel-asteria.com\/vinska-klet\/\"]}]},{\"@type\":\"BreadcrumbList\",\"@id\":\"https:\/\/www.hotel-asteria.com\/vinska-klet\/#breadcrumb\",\"itemListElement\":[{\"@type\":\"ListItem\",\"position\":1,\"name\":\"Home\",\"item\":\"https:\/\/www.hotel-asteria.com\/\"},{\"@type\":\"ListItem\",\"position\":2,\"name\":\"Vinska klet\"}]},{\"@type\":\"WebSite\",\"@id\":\"https:\/\/www.hotel-asteria.com\/si\/#website\",\"url\":\"https:\/\/www.hotel-asteria.com\/si\/\",\"name\":\"Asteria Ljubljana\",\"description\":\"Ljubljana\",\"publisher\":{\"@id\":\"https:\/\/www.hotel-asteria.com\/si\/#organization\"},\"potentialAction\":[{\"@type\":\"SearchAction\",\"target\":{\"@type\":\"EntryPoint\",\"urlTemplate\":\"https:\/\/www.hotel-asteria.com\/si\/?s={search_term_string}\"},\"query-input\":{\"@type\":\"PropertyValueSpecification\",\"valueRequired\":true,\"valueName\":\"search_term_string\"}}],\"inLanguage\":\"en-US\"},{\"@type\":\"Organization\",\"@id\":\"https:\/\/www.hotel-asteria.com\/si\/#organization\",\"name\":\"Artelia\",\"url\":\"https:\/\/www.hotel-asteria.com\/si\/\",\"logo\":{\"@type\":\"ImageObject\",\"inLanguage\":\"en-US\",\"@id\":\"https:\/\/www.hotel-asteria.com\/si\/#\/schema\/logo\/image\/\",\"url\":\"https:\/\/www.hotel-asteria.com\/wp-content\/uploads\/2022\/03\/cropped-AsteriaLogotip.png\",\"contentUrl\":\"https:\/\/www.hotel-asteria.com\/wp-content\/uploads\/2022\/03\/cropped-AsteriaLogotip.png\",\"width\":512,\"height\":512,\"caption\":\"Artelia\"},\"image\":{\"@id\":\"https:\/\/www.hotel-asteria.com\/si\/#\/schema\/logo\/image\/\"},\"sameAs\":[\"https:\/\/www.facebook.com\/p\/Boutique-Hotel-Asteria-100064244642928\/\"]}]}<\/script>\n<!-- \/ Yoast SEO plugin. -->","yoast_head_json":{"title":"Asteria Ljubljana | Wine Cellar","robots":{"index":"index","follow":"follow","max-snippet":"max-snippet:-1","max-image-preview":"max-image-preview:large","max-video-preview":"max-video-preview:-1"},"canonical":"https:\/\/www.hotel-asteria.com\/en\/vinska-klet\/","og_locale":"en_US","og_type":"article","og_title":"Asteria Ljubljana | Wine Cellar","og_description":"Vinska klet V na\u0161i vinski kleti vas lahko v idili\u010dni atmosferi pocrkljamo z izbranimi vini in odli\u010dnimi prigrizki. Za vas lahko pripravimo tudi degustacijo lokalnih vin ali pa pogostitev ob posebni prilo\u017enosti. Prostor je mo\u017eno tudi najeti za zaklju\u010dene dru\u017ebe, da se poveselite s prijatelji ali sodelavci v prav posebnem vzdu\u0161ju z odli\u010dnim vinom. She [&hellip;]","og_url":"https:\/\/www.hotel-asteria.com\/en\/vinska-klet\/","og_site_name":"Hotel Asteria","article_publisher":"https:\/\/www.facebook.com\/p\/Boutique-Hotel-Asteria-100064244642928\/","article_modified_time":"2024-06-24T07:34:59+00:00","twitter_card":"summary_large_image","twitter_misc":{"Est. reading time":"1 minute"},"schema":{"@context":"https:\/\/schema.org","@graph":[{"@type":"WebPage","@id":"https:\/\/www.hotel-asteria.com\/vinska-klet\/","url":"https:\/\/www.hotel-asteria.com\/vinska-klet\/","name":"Asteria Ljubljana | Wine Cellar","isPartOf":{"@id":"https:\/\/www.hotel-asteria.com\/si\/#website"},"datePublished":"2020-07-22T08:16:42+00:00","dateModified":"2024-06-24T07:34:59+00:00","breadcrumb":{"@id":"https:\/\/www.hotel-asteria.com\/vinska-klet\/#breadcrumb"},"inLanguage":"en-US","potentialAction":[{"@type":"ReadAction","target":["https:\/\/www.hotel-asteria.com\/vinska-klet\/"]}]},{"@type":"BreadcrumbList","@id":"https:\/\/www.hotel-asteria.com\/vinska-klet\/#breadcrumb","itemListElement":[{"@type":"ListItem","position":1,"name":"Home","item":"https:\/\/www.hotel-asteria.com\/"},{"@type":"ListItem","position":2,"name":"Vinska klet"}]},{"@type":"WebSite","@id":"https:\/\/www.hotel-asteria.com\/si\/#website","url":"https:\/\/www.hotel-asteria.com\/si\/","name":"Asteria Ljubljana","description":"Ljubljana","publisher":{"@id":"https:\/\/www.hotel-asteria.com\/si\/#organization"},"potentialAction":[{"@type":"SearchAction","target":{"@type":"EntryPoint","urlTemplate":"https:\/\/www.hotel-asteria.com\/si\/?s={search_term_string}"},"query-input":{"@type":"PropertyValueSpecification","valueRequired":true,"valueName":"search_term_string"}}],"inLanguage":"en-US"},{"@type":"Organization","@id":"https:\/\/www.hotel-asteria.com\/si\/#organization","name":"Artelia","url":"https:\/\/www.hotel-asteria.com\/si\/","logo":{"@type":"ImageObject","inLanguage":"en-US","@id":"https:\/\/www.hotel-asteria.com\/si\/#\/schema\/logo\/image\/","url":"https:\/\/www.hotel-asteria.com\/wp-content\/uploads\/2022\/03\/cropped-AsteriaLogotip.png","contentUrl":"https:\/\/www.hotel-asteria.com\/wp-content\/uploads\/2022\/03\/cropped-AsteriaLogotip.png","width":512,"height":512,"caption":"Artelia"},"image":{"@id":"https:\/\/www.hotel-asteria.com\/si\/#\/schema\/logo\/image\/"},"sameAs":["https:\/\/www.facebook.com\/p\/Boutique-Hotel-Asteria-100064244642928\/"]}]}},"_links":{"self":[{"href":"https:\/\/www.hotel-asteria.com\/en\/wp-json\/wp\/v2\/pages\/2883","targetHints":{"allow":["GET"]}}],"collection":[{"href":"https:\/\/www.hotel-asteria.com\/en\/wp-json\/wp\/v2\/pages"}],"about":[{"href":"https:\/\/www.hotel-asteria.com\/en\/wp-json\/wp\/v2\/types\/page"}],"author":[{"embeddable":true,"href":"https:\/\/www.hotel-asteria.com\/en\/wp-json\/wp\/v2\/users\/1"}],"replies":[{"embeddable":true,"href":"https:\/\/www.hotel-asteria.com\/en\/wp-json\/wp\/v2\/comments?post=2883"}],"version-history":[{"count":0,"href":"https:\/\/www.hotel-asteria.com\/en\/wp-json\/wp\/v2\/pages\/2883\/revisions"}],"wp:attachment":[{"href":"https:\/\/www.hotel-asteria.com\/en\/wp-json\/wp\/v2\/media?parent=2883"}],"curies":[{"name":"wp","href":"https:\/\/api.w.org\/{rel}","templated":true}]}}