{"id":13836,"date":"2025-08-26T08:10:17","date_gmt":"2025-08-26T08:10:17","guid":{"rendered":"https:\/\/www.hotel-asteria.com\/?page_id=13836"},"modified":"2025-11-10T13:00:14","modified_gmt":"2025-11-10T13:00:14","slug":"piskotki","status":"publish","type":"page","link":"https:\/\/www.hotel-asteria.com\/en\/piskotki\/","title":{"rendered":"Cookies"},"content":{"rendered":"<div data-elementor-type=\"wp-page\" data-elementor-id=\"13836\" class=\"elementor elementor-13836\" data-elementor-post-type=\"page\">\n\t\t\t\t\t\t<section class=\"elementor-section elementor-top-section elementor-element elementor-element-0f45e51 elementor-section-full_width elementor-section-content-middle elementor-section-stretched elementor-section-height-default elementor-section-height-default\" data-id=\"0f45e51\" data-element_type=\"section\" data-settings=\"{&quot;background_background&quot;:&quot;classic&quot;,&quot;stretch_section&quot;:&quot;section-stretched&quot;}\">\n\t\t\t\t\t\t\t<div class=\"elementor-background-overlay\"><\/div>\n\t\t\t\t\t\t\t<div class=\"elementor-container elementor-column-gap-no\">\n\t\t\t\t\t<div class=\"elementor-column elementor-col-100 elementor-top-column elementor-element elementor-element-7eca4ec\" data-id=\"7eca4ec\" data-element_type=\"column\">\n\t\t\t<div class=\"elementor-widget-wrap elementor-element-populated\">\n\t\t\t\t\t<div class=\"elementor-background-overlay\"><\/div>\n\t\t\t\t\t\t<div class=\"elementor-element elementor-element-97c931c elementor-widget-mobile__width-inherit elementor-widget__width-initial elementor-widget elementor-widget-heading\" data-id=\"97c931c\" data-element_type=\"widget\" data-widget_type=\"heading.default\">\n\t\t\t\t<div class=\"elementor-widget-container\">\n\t\t\t\t\t<h2 class=\"elementor-heading-title elementor-size-default\">Cookies<\/h2>\t\t\t\t<\/div>\n\t\t\t\t<\/div>\n\t\t\t\t<div class=\"elementor-element elementor-element-e49ac8a animated-slow elementor-widget elementor-widget-text-editor\" data-id=\"e49ac8a\" data-element_type=\"widget\" data-settings=\"{&quot;_animation&quot;:&quot;none&quot;,&quot;_animation_delay&quot;:500}\" data-widget_type=\"text-editor.default\">\n\t\t\t\t<div class=\"elementor-widget-container\">\n\t\t\t\t\t\t\t\t\t<p class=\" translation-block\">Use of cookies and tracking technology\nOur website uses cookies, which allow the user to view and use our website, tailored to his wishes. A cookie is a small text file that a web server stores on your computer's disk. The main purpose of the cookie is to store your settings and other data on your computer, so that you do not have to enter them the next time you visit our website. The use of cookies is a standard procedure on most websites. The default browser settings allow the use of cookies. If you do not agree to their use, you may change your browser settings so that the acceptance of cookies is disabled, but this may limit your ability to communicate with our website. Even if you accept cookies, you can still delete them later with your browser tools. We use cookies exclusively for the purpose of better experience of an individual user.\nOur website also collects information about your use of our website and online services. For example, our site analysis tool lets you get information from your browser about which site you came from, which search engine and keywords you used to find us, which pages you visited on our site, and which add-ons, what width and the height used by your browser. In addition, we collect common information that the browser sends to each website you visit, such as your IP address, browser type and language, access time, and website addresses. All this data is collected solely for the purpose of keeping statistics of visits to our website.<\/p><p>Types of cookies we use on this website<\/p><p class=\" translation-block\">1. Essential cookies\nThese cookies allow the use of essential components for the proper functioning of the website. Without these cookies, the services you want to use on this website would not work properly (e.g. login, security).<\/p><p class=\" translation-block\">2. Experience cookies\nThese cookies collect data on how users behave on the website in order to improve the experiential component of the website (eg which parts of the website they visit most often (). These cookies do not collect information that could be used to identify the user.<\/p><p class=\" translation-block\">3. Functional cookies\nThese types of cookies allow the website to remember some of your settings and choices (username, language, region\u2026) and provide advanced, personalized features. These types of cookies can help you track your campaigns on the website.<\/p><p class=\" translation-block\">4. Advertising or targeted cookies\nThese cookies are most commonly used by advertising and social networks (third parties) in order to show you more targeted ads, limit ad repetition, or measure the effectiveness of your campaigns. These types of cookies can help you track your online campaigns.<\/p><p class=\" translation-block\">Advantages of cookies\nUsing the same device and browser, cookies are extremely useful, as they can, for example, remember your settings, help us monitor how you use our pages and make the displayed content more relevant to your interests and needs. None of the cookies we use on our websites collect information that could personally identify you. Below you will find a table listing the main cookies used on our websites, with an explanation of what they are used for.<\/p><table border=\"1\" cellpadding=\"0\"><tbody><tr><td>Source<\/td><td>Name<\/td><td>Type<\/td><td>Purpose<\/td><\/tr><tr><td>Google Analytics<\/td><td>_utma<\/td><td>Experience cookie<\/td><td>They help us improve the content on our pages<\/td><\/tr><tr><td>Google Analytics<\/td><td>_utmb<\/td><td>Experience cookie<\/td><td>They help us improve the content on our pages<\/td><\/tr><tr><td>Google Analytics<\/td><td>_utmc<\/td><td>Experience cookie<\/td><td>They help us improve the content on our pages<\/td><\/tr><tr><td>Google Analytics<\/td><td>_utmz<\/td><td>Experience cookie<\/td><td>They help us improve the content on our pages<\/td><\/tr><\/tbody><\/table><p>The process for managing and deleting cookies differs depending on the browser you are using. To learn how to do this with a particular browser, you can use the browser's help feature or visit http:\/\/www.aboutcookies.org, which explains step by step how to manage or delete cookies in most browsers.<\/p>\t\t\t\t\t\t\t\t<\/div>\n\t\t\t\t<\/div>\n\t\t\t\t\t<\/div>\n\t\t<\/div>\n\t\t\t\t\t<\/div>\n\t\t<\/section>\n\t\t\t\t<\/div>","protected":false},"excerpt":{"rendered":"<p>Pi\u0161kotki Uporaba pi\u0161kotkov in sledilne tehnologijeNa\u0161e spletno mesto uporablja pi\u0161kotke, ki uporabniku omogo\u010dajo prikaz in uporabo na\u0161ih spletnih strani, prilagojeno njegovim \u017eeljam. Pi\u0161kotek je majhna besedilna datoteka, ki jo spletni stre\u017enik shrani na disku va\u0161ega ra\u010dunalnika. Glavni namen pi\u0161kotka je, da v ra\u010dunalnik shrani tvoje nastavitve in druge podatke, tako da ti jih ob naslednjem [&hellip;]<\/p>","protected":false},"author":1,"featured_media":0,"parent":0,"menu_order":0,"comment_status":"closed","ping_status":"closed","template":"","meta":{"site-sidebar-layout":"no-sidebar","site-content-layout":"page-builder","ast-site-content-layout":"full-width-container","site-content-style":"default","site-sidebar-style":"default","ast-global-header-display":"","ast-banner-title-visibility":"","ast-main-header-display":"","ast-hfb-above-header-display":"","ast-hfb-below-header-display":"","ast-hfb-mobile-header-display":"","site-post-title":"","ast-breadcrumbs-content":"","ast-featured-img":"disabled","footer-sml-layout":"","theme-transparent-header-meta":"","adv-header-id-meta":"","stick-header-meta":"","header-above-stick-meta":"","header-main-stick-meta":"","header-below-stick-meta":"","astra-migrate-meta-layouts":"set","ast-page-background-enabled":"default","ast-page-background-meta":{"desktop":{"background-color":"","background-image":"","background-repeat":"repeat","background-position":"center center","background-size":"auto","background-attachment":"scroll","background-type":"","background-media":"","overlay-type":"","overlay-color":"","overlay-opacity":"","overlay-gradient":""},"tablet":{"background-color":"","background-image":"","background-repeat":"repeat","background-position":"center center","background-size":"auto","background-attachment":"scroll","background-type":"","background-media":"","overlay-type":"","overlay-color":"","overlay-opacity":"","overlay-gradient":""},"mobile":{"background-color":"","background-image":"","background-repeat":"repeat","background-position":"center center","background-size":"auto","background-attachment":"scroll","background-type":"","background-media":"","overlay-type":"","overlay-color":"","overlay-opacity":"","overlay-gradient":""}},"ast-content-background-meta":{"desktop":{"background-color":"var(--ast-global-color-5)","background-image":"","background-repeat":"repeat","background-position":"center center","background-size":"auto","background-attachment":"scroll","background-type":"","background-media":"","overlay-type":"","overlay-color":"","overlay-opacity":"","overlay-gradient":""},"tablet":{"background-color":"var(--ast-global-color-5)","background-image":"","background-repeat":"repeat","background-position":"center center","background-size":"auto","background-attachment":"scroll","background-type":"","background-media":"","overlay-type":"","overlay-color":"","overlay-opacity":"","overlay-gradient":""},"mobile":{"background-color":"var(--ast-global-color-5)","background-image":"","background-repeat":"repeat","background-position":"center center","background-size":"auto","background-attachment":"scroll","background-type":"","background-media":"","overlay-type":"","overlay-color":"","overlay-opacity":"","overlay-gradient":""}},"footnotes":""},"class_list":["post-13836","page","type-page","status-publish","hentry"],"yoast_head":"<!-- This site is optimized with the Yoast SEO plugin v26.7 - https:\/\/yoast.com\/wordpress\/plugins\/seo\/ -->\n<title>Pi\u0161kotki - Hotel Asteria<\/title>\n<meta name=\"robots\" content=\"index, follow, max-snippet:-1, max-image-preview:large, max-video-preview:-1\" \/>\n<link rel=\"canonical\" href=\"https:\/\/www.hotel-asteria.com\/en\/piskotki\/\" \/>\n<meta property=\"og:locale\" content=\"en_US\" \/>\n<meta property=\"og:type\" content=\"article\" \/>\n<meta property=\"og:title\" content=\"Pi\u0161kotki - Hotel Asteria\" \/>\n<meta property=\"og:description\" content=\"Pi\u0161kotki Uporaba pi\u0161kotkov in sledilne tehnologijeNa\u0161e spletno mesto uporablja pi\u0161kotke, ki uporabniku omogo\u010dajo prikaz in uporabo na\u0161ih spletnih strani, prilagojeno njegovim \u017eeljam. Pi\u0161kotek je majhna besedilna datoteka, ki jo spletni stre\u017enik shrani na disku va\u0161ega ra\u010dunalnika. Glavni namen pi\u0161kotka je, da v ra\u010dunalnik shrani tvoje nastavitve in druge podatke, tako da ti jih ob naslednjem [&hellip;]\" \/>\n<meta property=\"og:url\" content=\"https:\/\/www.hotel-asteria.com\/en\/piskotki\/\" \/>\n<meta property=\"og:site_name\" content=\"Hotel Asteria\" \/>\n<meta property=\"article:publisher\" content=\"https:\/\/www.facebook.com\/p\/Boutique-Hotel-Asteria-100064244642928\/\" \/>\n<meta property=\"article:modified_time\" content=\"2025-11-10T13:00:14+00:00\" \/>\n<meta name=\"twitter:card\" content=\"summary_large_image\" \/>\n<meta name=\"twitter:label1\" content=\"Est. reading time\" \/>\n\t<meta name=\"twitter:data1\" content=\"3 minutes\" \/>\n<script type=\"application\/ld+json\" class=\"yoast-schema-graph\">{\"@context\":\"https:\/\/schema.org\",\"@graph\":[{\"@type\":\"WebPage\",\"@id\":\"https:\/\/www.hotel-asteria.com\/piskotki\/\",\"url\":\"https:\/\/www.hotel-asteria.com\/piskotki\/\",\"name\":\"Pi\u0161kotki - Hotel Asteria\",\"isPartOf\":{\"@id\":\"https:\/\/www.hotel-asteria.com\/si\/#website\"},\"datePublished\":\"2025-08-26T08:10:17+00:00\",\"dateModified\":\"2025-11-10T13:00:14+00:00\",\"breadcrumb\":{\"@id\":\"https:\/\/www.hotel-asteria.com\/piskotki\/#breadcrumb\"},\"inLanguage\":\"en-US\",\"potentialAction\":[{\"@type\":\"ReadAction\",\"target\":[\"https:\/\/www.hotel-asteria.com\/piskotki\/\"]}]},{\"@type\":\"BreadcrumbList\",\"@id\":\"https:\/\/www.hotel-asteria.com\/piskotki\/#breadcrumb\",\"itemListElement\":[{\"@type\":\"ListItem\",\"position\":1,\"name\":\"Home\",\"item\":\"https:\/\/www.hotel-asteria.com\/\"},{\"@type\":\"ListItem\",\"position\":2,\"name\":\"Pi\u0161kotki\"}]},{\"@type\":\"WebSite\",\"@id\":\"https:\/\/www.hotel-asteria.com\/si\/#website\",\"url\":\"https:\/\/www.hotel-asteria.com\/si\/\",\"name\":\"Asteria Ljubljana\",\"description\":\"Ljubljana\",\"publisher\":{\"@id\":\"https:\/\/www.hotel-asteria.com\/si\/#organization\"},\"potentialAction\":[{\"@type\":\"SearchAction\",\"target\":{\"@type\":\"EntryPoint\",\"urlTemplate\":\"https:\/\/www.hotel-asteria.com\/si\/?s={search_term_string}\"},\"query-input\":{\"@type\":\"PropertyValueSpecification\",\"valueRequired\":true,\"valueName\":\"search_term_string\"}}],\"inLanguage\":\"en-US\"},{\"@type\":\"Organization\",\"@id\":\"https:\/\/www.hotel-asteria.com\/si\/#organization\",\"name\":\"Artelia\",\"url\":\"https:\/\/www.hotel-asteria.com\/si\/\",\"logo\":{\"@type\":\"ImageObject\",\"inLanguage\":\"en-US\",\"@id\":\"https:\/\/www.hotel-asteria.com\/si\/#\/schema\/logo\/image\/\",\"url\":\"https:\/\/www.hotel-asteria.com\/wp-content\/uploads\/2022\/03\/cropped-AsteriaLogotip.png\",\"contentUrl\":\"https:\/\/www.hotel-asteria.com\/wp-content\/uploads\/2022\/03\/cropped-AsteriaLogotip.png\",\"width\":512,\"height\":512,\"caption\":\"Artelia\"},\"image\":{\"@id\":\"https:\/\/www.hotel-asteria.com\/si\/#\/schema\/logo\/image\/\"},\"sameAs\":[\"https:\/\/www.facebook.com\/p\/Boutique-Hotel-Asteria-100064244642928\/\"]}]}<\/script>\n<!-- \/ Yoast SEO plugin. -->","yoast_head_json":{"title":"Pi\u0161kotki - Hotel Asteria","robots":{"index":"index","follow":"follow","max-snippet":"max-snippet:-1","max-image-preview":"max-image-preview:large","max-video-preview":"max-video-preview:-1"},"canonical":"https:\/\/www.hotel-asteria.com\/en\/piskotki\/","og_locale":"en_US","og_type":"article","og_title":"Pi\u0161kotki - Hotel Asteria","og_description":"Pi\u0161kotki Uporaba pi\u0161kotkov in sledilne tehnologijeNa\u0161e spletno mesto uporablja pi\u0161kotke, ki uporabniku omogo\u010dajo prikaz in uporabo na\u0161ih spletnih strani, prilagojeno njegovim \u017eeljam. Pi\u0161kotek je majhna besedilna datoteka, ki jo spletni stre\u017enik shrani na disku va\u0161ega ra\u010dunalnika. Glavni namen pi\u0161kotka je, da v ra\u010dunalnik shrani tvoje nastavitve in druge podatke, tako da ti jih ob naslednjem [&hellip;]","og_url":"https:\/\/www.hotel-asteria.com\/en\/piskotki\/","og_site_name":"Hotel Asteria","article_publisher":"https:\/\/www.facebook.com\/p\/Boutique-Hotel-Asteria-100064244642928\/","article_modified_time":"2025-11-10T13:00:14+00:00","twitter_card":"summary_large_image","twitter_misc":{"Est. reading time":"3 minutes"},"schema":{"@context":"https:\/\/schema.org","@graph":[{"@type":"WebPage","@id":"https:\/\/www.hotel-asteria.com\/piskotki\/","url":"https:\/\/www.hotel-asteria.com\/piskotki\/","name":"Pi\u0161kotki - Hotel Asteria","isPartOf":{"@id":"https:\/\/www.hotel-asteria.com\/si\/#website"},"datePublished":"2025-08-26T08:10:17+00:00","dateModified":"2025-11-10T13:00:14+00:00","breadcrumb":{"@id":"https:\/\/www.hotel-asteria.com\/piskotki\/#breadcrumb"},"inLanguage":"en-US","potentialAction":[{"@type":"ReadAction","target":["https:\/\/www.hotel-asteria.com\/piskotki\/"]}]},{"@type":"BreadcrumbList","@id":"https:\/\/www.hotel-asteria.com\/piskotki\/#breadcrumb","itemListElement":[{"@type":"ListItem","position":1,"name":"Home","item":"https:\/\/www.hotel-asteria.com\/"},{"@type":"ListItem","position":2,"name":"Pi\u0161kotki"}]},{"@type":"WebSite","@id":"https:\/\/www.hotel-asteria.com\/si\/#website","url":"https:\/\/www.hotel-asteria.com\/si\/","name":"Asteria Ljubljana","description":"Ljubljana","publisher":{"@id":"https:\/\/www.hotel-asteria.com\/si\/#organization"},"potentialAction":[{"@type":"SearchAction","target":{"@type":"EntryPoint","urlTemplate":"https:\/\/www.hotel-asteria.com\/si\/?s={search_term_string}"},"query-input":{"@type":"PropertyValueSpecification","valueRequired":true,"valueName":"search_term_string"}}],"inLanguage":"en-US"},{"@type":"Organization","@id":"https:\/\/www.hotel-asteria.com\/si\/#organization","name":"Artelia","url":"https:\/\/www.hotel-asteria.com\/si\/","logo":{"@type":"ImageObject","inLanguage":"en-US","@id":"https:\/\/www.hotel-asteria.com\/si\/#\/schema\/logo\/image\/","url":"https:\/\/www.hotel-asteria.com\/wp-content\/uploads\/2022\/03\/cropped-AsteriaLogotip.png","contentUrl":"https:\/\/www.hotel-asteria.com\/wp-content\/uploads\/2022\/03\/cropped-AsteriaLogotip.png","width":512,"height":512,"caption":"Artelia"},"image":{"@id":"https:\/\/www.hotel-asteria.com\/si\/#\/schema\/logo\/image\/"},"sameAs":["https:\/\/www.facebook.com\/p\/Boutique-Hotel-Asteria-100064244642928\/"]}]}},"_links":{"self":[{"href":"https:\/\/www.hotel-asteria.com\/en\/wp-json\/wp\/v2\/pages\/13836","targetHints":{"allow":["GET"]}}],"collection":[{"href":"https:\/\/www.hotel-asteria.com\/en\/wp-json\/wp\/v2\/pages"}],"about":[{"href":"https:\/\/www.hotel-asteria.com\/en\/wp-json\/wp\/v2\/types\/page"}],"author":[{"embeddable":true,"href":"https:\/\/www.hotel-asteria.com\/en\/wp-json\/wp\/v2\/users\/1"}],"replies":[{"embeddable":true,"href":"https:\/\/www.hotel-asteria.com\/en\/wp-json\/wp\/v2\/comments?post=13836"}],"version-history":[{"count":13,"href":"https:\/\/www.hotel-asteria.com\/en\/wp-json\/wp\/v2\/pages\/13836\/revisions"}],"predecessor-version":[{"id":13945,"href":"https:\/\/www.hotel-asteria.com\/en\/wp-json\/wp\/v2\/pages\/13836\/revisions\/13945"}],"wp:attachment":[{"href":"https:\/\/www.hotel-asteria.com\/en\/wp-json\/wp\/v2\/media?parent=13836"}],"curies":[{"name":"wp","href":"https:\/\/api.w.org\/{rel}","templated":true}]}}